{"id":71,"date":"2023-08-01T17:32:47","date_gmt":"2023-08-01T17:32:47","guid":{"rendered":"https:\/\/dmdsny.com\/?page_id=71"},"modified":"2026-05-13T18:04:59","modified_gmt":"2026-05-13T18:04:59","slug":"news","status":"publish","type":"page","link":"https:\/\/dmdsny.com\/?page_id=71","title":{"rendered":"News"},"content":{"rendered":"\n<p>La Sociedad M\u00e9dico Dental Dominicana de Nueva York, integrada por m\u00e9dicos y odont\u00f3logos dominicanos del \u00e1rea triestatal, anunci\u00f3 la celebraci\u00f3n de su XXXIV Simposio M\u00e9dico y XXVI Simposio Dental, un evento que, como cada a\u00f1o, presentar\u00e1 los m\u00e1s recientes avances y herramientas para el abordaje de problem\u00e1ticas en diversas ramas de las ciencias de la salud.<\/p>\n\n\n\n<p><strong>El doctor Pedro Castillo Tallaj&nbsp;<\/strong>destac\u00f3 la relevancia de esta actividad, al se\u00f1alar que \u201cel simposio reviste gran trascendencia, ya que tiene como finalidad ampliar los conocimientos de los profesionales de la medicina y la odontolog\u00eda. Para ello, contamos con un grupo de especialistas que expondr\u00e1n sobre los \u00faltimos avances en estas \u00e1reas\u201d.<\/p>\n\n\n\n<p>El evento se llevar\u00e1 a cabo el&nbsp;<strong>s\u00e1bado 17 de mayo&nbsp;<\/strong>de 2026, a partir de las 8:00 de la ma\u00f1ana, en el Hotel DoubleTree, en Nueva Jersey.<\/p>\n\n\n\n<p>Para m\u00e1s informaci\u00f3n, los interesados pueden comunicarse con Leandra Compres al tel\u00e9fono (201) 681-1742.<\/p>\n\n\n\n<figure class=\"wp-block-image size-large\"><img data-recalc-dims=\"1\" loading=\"lazy\" decoding=\"async\" width=\"768\" height=\"1024\" src=\"https:\/\/i0.wp.com\/dmdsny.com\/wp-content\/uploads\/2026\/05\/AC22D6A2-E71D-4C11-818E-9EA6A5F63235.jpeg?resize=768%2C1024&#038;ssl=1\" alt=\"\" class=\"wp-image-546\" srcset=\"https:\/\/i0.wp.com\/dmdsny.com\/wp-content\/uploads\/2026\/05\/AC22D6A2-E71D-4C11-818E-9EA6A5F63235.jpeg?resize=768%2C1024&amp;ssl=1 768w, https:\/\/i0.wp.com\/dmdsny.com\/wp-content\/uploads\/2026\/05\/AC22D6A2-E71D-4C11-818E-9EA6A5F63235.jpeg?resize=225%2C300&amp;ssl=1 225w, https:\/\/i0.wp.com\/dmdsny.com\/wp-content\/uploads\/2026\/05\/AC22D6A2-E71D-4C11-818E-9EA6A5F63235.jpeg?w=1125&amp;ssl=1 1125w\" sizes=\"auto, (max-width: 768px) 100vw, 768px\" \/><figcaption class=\"wp-element-caption\">Screenshot<\/figcaption><\/figure>\n","protected":false},"excerpt":{"rendered":"<p>La Sociedad M\u00e9dico Dental Dominicana de Nueva York, integrada por m\u00e9dicos y odont\u00f3logos dominicanos del \u00e1rea triestatal, anunci\u00f3 la celebraci\u00f3n de su XXXIV Simposio M\u00e9dico y XXVI Simposio Dental, un evento que, como cada a\u00f1o, presentar\u00e1 los m\u00e1s recientes avances y herramientas para el abordaje de problem\u00e1ticas en diversas ramas de las ciencias de la salud. El doctor Pedro Castillo Tallaj&nbsp;destac\u00f3 la relevancia de esta actividad, al se\u00f1alar que \u201cel simposio reviste gran trascendencia, ya que tiene como finalidad ampliar los conocimientos de los profesionales de la medicina y la odontolog\u00eda. Para ello, contamos con un grupo de especialistas que&#8230; <\/p>\n","protected":false},"author":1,"featured_media":0,"parent":0,"menu_order":0,"comment_status":"closed","ping_status":"closed","template":"","meta":{"om_disable_all_campaigns":false,"footnotes":""},"class_list":["post-71","page","type-page","status-publish","hentry"],"jetpack_sharing_enabled":true,"_links":{"self":[{"href":"https:\/\/dmdsny.com\/index.php?rest_route=\/wp\/v2\/pages\/71","targetHints":{"allow":["GET"]}}],"collection":[{"href":"https:\/\/dmdsny.com\/index.php?rest_route=\/wp\/v2\/pages"}],"about":[{"href":"https:\/\/dmdsny.com\/index.php?rest_route=\/wp\/v2\/types\/page"}],"author":[{"embeddable":true,"href":"https:\/\/dmdsny.com\/index.php?rest_route=\/wp\/v2\/users\/1"}],"replies":[{"embeddable":true,"href":"https:\/\/dmdsny.com\/index.php?rest_route=%2Fwp%2Fv2%2Fcomments&post=71"}],"version-history":[{"count":4,"href":"https:\/\/dmdsny.com\/index.php?rest_route=\/wp\/v2\/pages\/71\/revisions"}],"predecessor-version":[{"id":684,"href":"https:\/\/dmdsny.com\/index.php?rest_route=\/wp\/v2\/pages\/71\/revisions\/684"}],"wp:attachment":[{"href":"https:\/\/dmdsny.com\/index.php?rest_route=%2Fwp%2Fv2%2Fmedia&parent=71"}],"curies":[{"name":"wp","href":"https:\/\/api.w.org\/{rel}","templated":true}]}}